{"id":365,"date":"2023-08-31T09:38:23","date_gmt":"2023-08-31T07:38:23","guid":{"rendered":"https:\/\/www.katharinabendixen.de\/wordpress\/?page_id=365"},"modified":"2026-03-23T20:53:06","modified_gmt":"2026-03-23T19:53:06","slug":"hrsg","status":"publish","type":"page","link":"https:\/\/www.katharinabendixen.de\/wordpress\/hrsg\/","title":{"rendered":"Hrsg."},"content":{"rendered":"<h2>other writers need to concentrate<\/h2>\n<p id=\"owntc\"><strong><img loading=\"lazy\" decoding=\"async\" class=\"alignleft size-medium wp-image-367\" src=\"http:\/\/www.katharinabendixen.de\/wordpress\/wp-content\/uploads\/2023\/08\/Other-Writers_Anthologie_Entwurf_Cover-U1_20230717-510x765-1-200x300.jpg\" alt=\"\" width=\"200\" height=\"300\" srcset=\"https:\/\/www.katharinabendixen.de\/wordpress\/wp-content\/uploads\/2023\/08\/Other-Writers_Anthologie_Entwurf_Cover-U1_20230717-510x765-1-200x300.jpg 200w, https:\/\/www.katharinabendixen.de\/wordpress\/wp-content\/uploads\/2023\/08\/Other-Writers_Anthologie_Entwurf_Cover-U1_20230717-510x765-1.jpg 510w\" sizes=\"auto, (max-width: 200px) 85vw, 200px\" \/><\/strong>Sukultur 2023<\/p>\n<p>&#8222;And sorry to tell you that we do not accept little kids as it really troubles other writers who need to concentrate&#8220;, war die Antwort von einem K\u00fcnstlerhaus auf die Anfrage, ob es m\u00f6glich w\u00e4re, zu dem bereits zugesagten Aufenthaltsstipendium mit Familie anzureisen. Damit sich auch Autor*innen, die Care-Arbeit leisten, auf ihr Schreiben konzentrieren k\u00f6nnen, m\u00fcssen sich das Selbstverst\u00e4ndnis des Literaturbetriebs, aber auch die F\u00f6rderstrukturen f\u00fcr K\u00fcnstler*innen \u00e4ndern. Die Anthologie versammelt ausgew\u00e4hlte Beitr\u00e4ge des Blogs other writers need to concentrate (<a href=\"https:\/\/other-writers.de\/\" target=\"_blank\" rel=\"noopener\">www.other-writers.de<\/a>) sowie neue Texte. <a href=\"https:\/\/sukultur.de\/produkt\/bendixen-blum-peveling-vricic-hausmann-hrsg-other-writers-need-to-concentrate\/\" target=\"_blank\" rel=\"noopener\">Mehr &#8230;<\/a><\/p>\n<h2>Quietschblanke Tage, spiegelglatte N\u00e4chte<\/h2>\n<p id=\"owntc\"><img loading=\"lazy\" decoding=\"async\" class=\"alignleft size-medium wp-image-382\" src=\"http:\/\/www.katharinabendixen.de\/wordpress\/wp-content\/uploads\/2024\/10\/covergrossstadtgeschichten-250-190x300.jpg\" alt=\"\" width=\"190\" height=\"300\" srcset=\"https:\/\/www.katharinabendixen.de\/wordpress\/wp-content\/uploads\/2024\/10\/covergrossstadtgeschichten-250-190x300.jpg 190w, https:\/\/www.katharinabendixen.de\/wordpress\/wp-content\/uploads\/2024\/10\/covergrossstadtgeschichten-250.jpg 250w\" sizes=\"auto, (max-width: 190px) 85vw, 190px\" \/><\/p>\n<p>Poetenladen 2008<\/p>\n<p>Neunzehn junge Autorinnen und Autoren erz\u00e4hlen von gro\u00dfen und kleinen Momenten des Alltags in der Gro\u00dfstadt. Wir erleben den Kiez, das Stammcaf\u00e9, die Vorstadt, Reisen nach Paris, Spazierg\u00e4nge mit &#8222;Chaplins Spazierstock&#8220; und Autofahrten mit &#8222;Bob Dylan im Beinbereich&#8220;. Mit Texten von Emma Braslavsky, Franziska Gerstenberg, Katharina Hartwell, Marie T. Martin, Nils Mohl, Jana Scheerer u.a. <a href=\"https:\/\/www.poetenladen-der-verlag.de\/einzeltitel\/quietschblanke-tage-spiegelglatte-naechte.htm\" target=\"_blank\" rel=\"noopener\">Mehr &#8230;<\/a><\/p>\n","protected":false},"excerpt":{"rendered":"<p>other writers need to concentrate Sukultur 2023 &#8222;And sorry to tell you that we do not accept little kids as it really troubles other writers who need to concentrate&#8220;, war die Antwort von einem K\u00fcnstlerhaus auf die Anfrage, ob es m\u00f6glich w\u00e4re, zu dem bereits zugesagten Aufenthaltsstipendium mit Familie anzureisen. Damit sich auch Autor*innen, die &hellip; <a href=\"https:\/\/www.katharinabendixen.de\/wordpress\/hrsg\/\" class=\"more-link\"><span class=\"screen-reader-text\">&#8222;Hrsg.&#8220; <\/span>weiterlesen<\/a><\/p>\n","protected":false},"author":1,"featured_media":0,"parent":0,"menu_order":0,"comment_status":"closed","ping_status":"closed","template":"","meta":{"footnotes":""},"class_list":["post-365","page","type-page","status-publish","hentry"],"_links":{"self":[{"href":"https:\/\/www.katharinabendixen.de\/wordpress\/wp-json\/wp\/v2\/pages\/365","targetHints":{"allow":["GET"]}}],"collection":[{"href":"https:\/\/www.katharinabendixen.de\/wordpress\/wp-json\/wp\/v2\/pages"}],"about":[{"href":"https:\/\/www.katharinabendixen.de\/wordpress\/wp-json\/wp\/v2\/types\/page"}],"author":[{"embeddable":true,"href":"https:\/\/www.katharinabendixen.de\/wordpress\/wp-json\/wp\/v2\/users\/1"}],"replies":[{"embeddable":true,"href":"https:\/\/www.katharinabendixen.de\/wordpress\/wp-json\/wp\/v2\/comments?post=365"}],"version-history":[{"count":9,"href":"https:\/\/www.katharinabendixen.de\/wordpress\/wp-json\/wp\/v2\/pages\/365\/revisions"}],"predecessor-version":[{"id":500,"href":"https:\/\/www.katharinabendixen.de\/wordpress\/wp-json\/wp\/v2\/pages\/365\/revisions\/500"}],"wp:attachment":[{"href":"https:\/\/www.katharinabendixen.de\/wordpress\/wp-json\/wp\/v2\/media?parent=365"}],"curies":[{"name":"wp","href":"https:\/\/api.w.org\/{rel}","templated":true}]}}