{"id":354,"date":"2023-05-15T17:07:16","date_gmt":"2023-05-15T15:07:16","guid":{"rendered":"https:\/\/www.katharinabendixen.de\/wordpress\/?page_id=354"},"modified":"2026-05-04T10:46:26","modified_gmt":"2026-05-04T08:46:26","slug":"lesungen-workshops","status":"publish","type":"page","link":"https:\/\/www.katharinabendixen.de\/wordpress\/lesungen-workshops\/","title":{"rendered":"Lesungen"},"content":{"rendered":"<p><img loading=\"lazy\" decoding=\"async\" class=\"alignleft size-medium wp-image-359\" src=\"http:\/\/www.katharinabendixen.de\/wordpress\/wp-content\/uploads\/2023\/05\/foto-fuer-lesungen-300x277.jpg\" alt=\"\" width=\"300\" height=\"277\" srcset=\"https:\/\/www.katharinabendixen.de\/wordpress\/wp-content\/uploads\/2023\/05\/foto-fuer-lesungen-300x277.jpg 300w, https:\/\/www.katharinabendixen.de\/wordpress\/wp-content\/uploads\/2023\/05\/foto-fuer-lesungen-768x709.jpg 768w, https:\/\/www.katharinabendixen.de\/wordpress\/wp-content\/uploads\/2023\/05\/foto-fuer-lesungen.jpg 852w\" sizes=\"auto, (max-width: 300px) 85vw, 300px\" \/>Seit dem Erscheinen meines ersten Buchs habe ich unz\u00e4hlige Lesungen durchgef\u00fchrt. Ich habe vor zappeligen Kindern oder stillen Erwachsenen gelesen, in Schulen oder Bibliotheken, drinnen oder drau\u00dfen, nah oder fern. (Fast) jede Lesung war auf ihre Weise bereichernd. Ich mag die Begeisterung der Grundsch\u00fcler:innen und das langsame Auftauen der Sch\u00fcler:innen an den weiterf\u00fchrenden Schulen. Ich mag es, wenn ein Kind emp\u00f6rt ruft: &#8222;Es gibt doch gar keine Ungeheuer!&#8220; Wenn eine Jugendliche voller \u00dcberzeugung sagt: &#8222;Ich glaube trotzdem daran, dass wir das mit dem Klimawandel noch hinkriegen!&#8220; <a href=\"http:\/\/www.katharinabendixen.de\/wordpress\/wp-content\/uploads\/2026\/05\/Lesungsangebote-Katharina-Bendixen_2026.pdf\" target=\"_blank\" rel=\"noopener\">Hier<\/a> finden Sie eine Liste meiner Lesungsangebote und <a href=\"http:\/\/www.katharinabendixen.de\/wordpress\/wp-content\/uploads\/2026\/05\/Lesungsangebot_Taras-Augen_Katharina-Bendixen.pdf\" target=\"_blank\" rel=\"noopener\">hier<\/a> zwei spezielle Angebote zu meinem Roman &#8222;Taras Augen&#8220; \u2013 schreiben Sie mir gern!<\/p>\n<h2>Kommende Termine<\/h2>\n<p><strong>05.05.26<\/strong> Lesung aus \u201eTaras Augen\u201c im Literaturhaus Leipzig (geschlossen)<\/p>\n<p><b>10.05.26<\/b> Lesung aus \u201eEine zeitgem\u00e4\u00dfe Form der Liebe\u201c im Ringelnatzhaus Wurzen (gemeinsam mit Bettina Wilpert und Janin W\u00f6lke)<\/p>\n<p><b>20.05.26<\/b> Lesung aus \u201eTaras Augen\u201c in der Freien Evangelischen Oberschule G\u00f6rlitz (gemeinsam mit Johannes Herwig)<\/p>\n<p><strong>17.06.26<\/strong> Lesung aus \u201eTaras Augen\u201c in der Erich-Viehweg-Oberschule Frankenberg\/Sachsen (geschlossen)<\/p>\n<p><strong>22.06.26<\/strong> zwei Lesungen aus \u201eTaras Augen\u201c in den St\u00e4dtischen Bibliotheken Dresden (geschlossen)<\/p>\n<p><strong>08.08.26<\/strong> Lesung aus \u201eEine zeitgem\u00e4\u00dfe Form der Liebe\u201c im Philippus-Garten Leipzig<\/p>\n<p><strong>13.08.26<\/strong> \u201eIns Sparschwein rein? Oh nein!\u201c erscheint (Klett Kinderbuch, gemeinsam mit <a href=\"https:\/\/www.david-blum.com\/wordpress\/\">David Blum<\/a> und <a href=\"https:\/\/halinakirschner.de\/\">Halina Kirschner<\/a>)<\/p>\n<p><strong>26.08.26<\/strong> Abschlusslesung zum 1. Romanfabrik-SchreiberInnen-Preis in der Romanfabrik, Frankfurt\/Main (gemeinsam mit Sophie Baumberg, Philip Kr\u00f6mer, Toi Tautorus)<\/p>\n<p><strong>24.09.26 bis 27.09.26<\/strong> Schreibworkshop f\u00fcr Jugendliche im Rahmen von Pirna schreibt (geschlossen)<\/p>\n<p><strong>08.10.26<\/strong> Lesung aus \u201eEine zeitgem\u00e4\u00dfe Form der Liebe\u201c im K\u00e4the Kollwitz Haus Moritzburg<\/p>\n<p><strong>20.11.26<\/strong> zwei Lesungen aus \u201eZorro, der Mops\u201c in der KiTa Am Elsterbecken, Leipzig (geschlossen)<\/p>\n<p><strong>09.03.27<\/strong> zwei Lesungen aus \u201eTaras Augen\u201c an den Oberschulen K\u00f6nigswartha und Gau\u00dfig (geschlossen)<\/p>\n<h2>Vergangene Termine (seit 2022)<\/h2>\n<p><strong>30.04.26<\/strong> Lesung aus \u201eTaras Augen\u201c in der Christian-Weise-Bibliothek Zittau (geschlossen)<\/p>\n<p><strong>29.04.26<\/strong> Lesung aus \u201eTaras Augen\u201c in der Oberschule Seifhennersdorf (geschlossen)<\/p>\n<p><strong>24.04.26<\/strong> zwei Lesungen aus \u201eZorro, der Mops\u201c an der 3. Grundschule Riesa (geschlossen)<\/p>\n<p><strong>22.04.26<\/strong> Beratungstag zum Thema \u201eLiteraturbetrieb und Elternschaft\u201c im Programm <a href=\"https:\/\/www.literaturszene.berlin\/\">schreiben&amp;lebenExTRA<\/a><\/p>\n<p><strong>20.04.26<\/strong> Lesung aus \u201eTaras Augen\u201c in der Geschwister-Scholl-Oberschule Liebertwolkwitz (geschlossen)<\/p>\n<p><strong>09.03.26 bis 19.04.26<\/strong> Residenz in Frankfurt\/Main im Rahmen des 1. Romanfabrik-SchreiberInnen-Preises<\/p>\n<p><strong>20.03.26<\/strong> Panelteilnahme bei der Klimabuchmesse im RealLabor Leipzig zum Thema \u201eLiteratur lehren, Zukunft lernen &#8211; Literatur und Bildung f\u00fcr nachhaltige Entwicklung &#8211; Wie literarisches Lesen Umweltkompetenzen f\u00f6rdert\u201c (gemeinsam mit Prof. Dr. Uwe K\u00fcchler, Eberhard Karls Universit\u00e4t T\u00fcbingen, und Prof. Dr. Berbeli Wanning, Universit\u00e4t Siegen)<\/p>\n<p><strong>19.03.26<\/strong> Literarisches Quartett am Rahn-Gymnasium Leipzig (gemeinsam mit Domenico M\u00fcllensiefen sowie mit Sch\u00fclern und Lehrern des Gymnasiums)<\/p>\n<p><strong>18.03.26<\/strong> Lesung aus \u201eTaras Augen\u201c an der Humboldt-Schule, Leipzig (geschlossen)<\/p>\n<p><strong>18.03.26<\/strong> Lesung aus \u201eZorro, der Mops\u201c an der Grundschule am Gr\u00fcnen Gleis, Leipzig (geschlossen)<\/p>\n<p><b>06.03.26<\/b> Premiere von \u201eTaras Augen\u201c am Staatsschauspiel Dresden (Regie: Christina Rast, Philipp Lux)<\/p>\n<p><strong>06.02.26<\/strong> zwei Lesungen aus \u201eZorro, der Mops\u201c an der Grundschule Crossen\/Zwickau (geschlossen)<\/p>\n<p><b>28.01.26<\/b> Lesung aus \u201eTaras Augen\u201c im Schloss Siebeneichen, Mei\u00dfen (geschlossen)<\/p>\n<p><strong>21.01.26<\/strong> Lesung aus \u201eTaras Augen\u201c mit anschlie\u00dfendem Street-Art-Schreibworkshop im Werk 2 &#8211; Kulturfabrik Leipzig e.V. f\u00fcr Sch\u00fclerinnen und Sch\u00fcler der Appolonia-von-Wiedebach-Oberschule (gemeinsam mit claire Lenkova, Boris Koch, Carsten Steenbergen)<\/p>\n<p><b>11.12.25 <\/b>Lesung aus \u201eEine zeitgem\u00e4\u00dfe Form der Liebe\u201c im besser leben Leipzig (gemeinsam mit Bettina Wilpert und Janin W\u00f6lke)<\/p>\n<p><strong>01.12.25<\/strong> Lesung aus \u201eTaras Augen\u201c in der Lessing-Oberschule Schkeuditz (geschlossen)<\/p>\n<p><strong>29.11.25<\/strong> Lesung aus \u201eTaras Augen\u201c mit anschlie\u00dfendem Schreibworkshop im FZZ Paradise Leipzig (gemeinsam mit claire Lenkova, Boris Koch, Carsten Steenbergen, in Kooperation mit dem Werk 2 &#8211; Kulturfabrik Leipzig e.V.) +++ leider abgesagt +++<\/p>\n<p><b>25.1<\/b><b>1<\/b><b>.25<\/b> Lesung aus \u201eEine zeitgem\u00e4\u00dfe Form der Liebe\u201c in der Zentralbibliothek Dresden (gemeinsam mit Bettina Wilpert)<\/p>\n<p><strong>18.11.25<\/strong> Lesung aus \u201eZorro, der Mops\u201c an der Grundschule Gr\u00fcnes Gleis, Leipzig (geschlossen)<\/p>\n<p><b>14.1<\/b><b>1<\/b><b>.25<\/b> Lesung aus \u201eEine zeitgem\u00e4\u00dfe Form der Liebe\u201c in der Stadtbibliothek Auerbach\/Vogtland (im Rahmen von <em>Literaturforum Bibliothek<\/em>)<\/p>\n<p><b>12.1<\/b><b>1<\/b><b>.25<\/b> Lesung aus \u201eEine zeitgem\u00e4\u00dfe Form der Liebe\u201c in der Stadtbibliothek Crimmitschau\/Sachsen (im Rahmen von <em>Literaturforum Bibliothek<\/em>)<\/p>\n<p><b>06.1<\/b><b>1<\/b><b>.25<\/b> Lesung aus \u201eEine zeitgem\u00e4\u00dfe Form der Liebe\u201c an der Volkshochschule Ulm<\/p>\n<p><b>04.1<\/b><b>1<\/b><b>.25<\/b> Lesung aus \u201eEine zeitgem\u00e4\u00dfe Form der Liebe\u201c in der Stadtbibliothek Lichtenstein\/Sachsen (im Rahmen von <em>Literaturforum Bibliothek<\/em>)<\/p>\n<p><b>08.10.25 bis 30.10.25<\/b> Residenzaufenthalt in Krakau\/Polen<\/p>\n<p><strong>02.10.25<\/strong> Lesung aus \u201eTaras Augen\u201c in der 68. Oberschule Leipzig (geschlossen)<\/p>\n<p><b>01.10.25<\/b> Lesung aus \u201eTaras Augen\u201c in der Oberschule M\u00f6lkau (geschlossen)<\/p>\n<p><b>20.09.25<\/b> Lesung aus \u201eEine zeitgem\u00e4\u00dfe Form der Liebe\u201c in der Milchbar W\u00fcrzburg (gemeinsam mit Sebastian Schmidt und Sibylla Vricic Hausmann)<\/p>\n<p><strong>18.09.25<\/strong> zwei Lesungen aus \u201eTaras Augen\u201c an der SportOberschule Leipzig (geschlossen)<\/p>\n<p><b>09.09.25<\/b> Lesung aus \u201eTaras Augen\u201c in der 56. Oberschule Leipzig (geschlossen)<\/p>\n<p><b>01.09.25 bis 02.09.25<\/b> zwei Lesungen aus \u201eZorro, der Mops\u201c mit anschlie\u00dfendem Schreibworkshop f\u00fcr Kinder in der Brigitte-Reimann-Bibliothek Hoyerswerda (geschlossen)<\/p>\n<p><strong>22.08.25<\/strong> Lesung aus \u201eTaras Augen\u201c im Rahmen der Buchsommer-Abschlussveranstaltung in der Bibliothek Rochlitz<\/p>\n<p><b>23.<\/b><b>0<\/b><b>6.<\/b><b>25<\/b> Schreibworkshop f\u00fcr Erwachsene \u201eSchreib dich durch die 90er\u201c in Kooperation mit dem GWZO Leipzig und der Johann-Gottfried-Seume-Bibliothek Grimma (3. Termin)<\/p>\n<p><b>18.<\/b><b>0<\/b><b>6.<\/b><b>25<\/b> drei Lesungen aus \u201eZorro, der Mops\u201c in der 100. Grundschule Leipzig (geschlossen)<\/p>\n<p><b>15.<\/b><b>0<\/b><b>6.<\/b><b>25<\/b> Lesung aus \u201eEine zeitgem\u00e4\u00dfe Form der Liebe\u201c im Rahmen des Literaturfests Mei\u00dfen<\/p>\n<p><b>05.<\/b><b>0<\/b><b>6.<\/b><b>25<\/b> zwei Lesungen aus \u201eZorro, der Mops\u201c in der Albert-Schweitzer-Grundschule Treuenbrietzen (geschlossen)<\/p>\n<p><b>26.05.<\/b><b>25<\/b> Lesung aus \u201eZorro, der Mops\u201c in der Stadtbibliothek Lugau (geschlossen)<\/p>\n<p><b>14.05.<\/b><b>25<\/b> Lesung aus \u201eEine zeitgem\u00e4\u00dfe Form der Liebe\u201c im Heinrich-Heine-Haus L\u00fcneburg<\/p>\n<p><b>08.05.<\/b><b>25<\/b> Schreibworkshop f\u00fcr Erwachsene \u201eSchreib dich durch die 90er\u201c in Kooperation mit dem GWZO Leipzig und der Johann-Gottfried-Seume-Bibliothek Grimma (2. Termin)<\/p>\n<p><b>11.04.<\/b><b>25<\/b><b> <\/b>Podiumsdiskussion in der Reihe \u201eWeibliche Stimmen der Buchstadt\u201c zum Thema Mutterschaft &amp; Care in der Bibliothek MONAliesA Leipzig<\/p>\n<p><b>03.04.<\/b><b>25<\/b> Schreibworkshop f\u00fcr Erwachsene \u201eSchreib dich durch die 90er\u201c in Kooperation mit dem GWZO Leipzig und der Johann-Gottfried-Seume-Bibliothek Grimma (1. Termin)<\/p>\n<p><b>29.03.25 <\/b>Lesung aus \u201eEine zeitgem\u00e4\u00dfe Form der Liebe\u201c bei der Lesung der unabh\u00e4ngigen Verlage im Westfl\u00fcgel, Leipzig<\/p>\n<p><b>28.03.25<\/b> Lesung aus \u201eEine zeitgem\u00e4\u00dfe Form der Liebe\u201c im Trikotagenwerk Leipzig<\/p>\n<p><b>28.03.25 <\/b>Gespr\u00e4ch zu \u201eEine zeitgem\u00e4\u00dfe Form der Liebe\u201c bei MDR Kultur, Halle 2, Buchmesse Leipzig<\/p>\n<p><b>26.03.25<\/b> Lesung aus \u201eEine zeitgem\u00e4\u00dfe Form der Liebe\u201c bei der Langen Leipziger Lesenacht in der Moritzbastei Leipzig<\/p>\n<p><b>06.03.<\/b><b>25<\/b><b> <\/b>Lesung aus \u201eEine zeitgem\u00e4\u00dfe Form der Liebe\u201c in der Katholischen Familienbildungsst\u00e4tte Bonn<\/p>\n<p><b>19.02.25<\/b> Lesung aus \u201eZorro, der Mops\u201c im Rahmen des Kulturhauptstadt-Projekts \u201eGemeinsam unterwegs \u2013 ein Geschichtenfest f\u00fcr Kinder\u201c in der Stadtbibliothek Chemnitz (geschlossen)<\/p>\n<p><b>30.01.25 <\/b>Expertinnengespr\u00e4ch im Rahmen von \u201eFuturistische H\u00e4ppchen\u201c an der B\u00fcrgerb\u00fchne des Staatsschauspiel Dresden<\/p>\n<p><b>24.01.25<\/b> Online-Autorenbegegnung zu \u201eTaras Augen\u201c mit der Landesfachstelle f\u00fcr B\u00fcchereien und Bildung im Medienhaus Sankt Michaelsbund<\/p>\n<p><b>13.12.<\/b><b>24<\/b><b> <\/b>Lesung aus \u201eZorro, der Mops\u201c an der Hans-Christian-Andersen-Grundschule Leipzig (geschlossen)<\/p>\n<p><b>05.12.24<\/b> Schreibworkshop f\u00fcr Erwachsene in der Freien Kunstschule Gera e.V.<\/p>\n<p><b>29.11.24 <\/b>Lesung aus \u201eTaras Augen\u201c in der Stadt- und Kreisbibliothek Glauchau (geschlossen)<\/p>\n<p><b>22.11.24<\/b> Podiumsdiskussion \u201eWas kann und soll Literatur?\u201c im Rahmen des 30. Jubil\u00e4ums des VS in verdi Sachsen im Haus des Buches Leipzig<\/p>\n<p><b>15.11.24<\/b> Lesung aus \u201eTaras Augen\u201c in der Oberschule Schmiedeberg (geschlossen)<\/p>\n<p><strong><b>14.11.24<\/b><\/strong><b> <\/b>Lesung aus \u201eEine zeitgem\u00e4\u00dfe Form der Liebe\u201c mit Anna Bolav\u00e1 und David Blum im PartnerStadtQuartier Leipzig (\u00f6ffentlich)<\/p>\n<p><b>15.10. bis 31.10.24 <\/b>Residenzaufenthalt in Brno\/Tschechische Republik<\/p>\n<p><b>20.09.24<\/b> Lesung aus \u201eTaras Augen\u201c am Evangelischen Schulzentrum Pirna (geschlossen)<\/p>\n<p><b>20.09.24 bis 22.9.24<\/b> Schreibworkshop f\u00fcr Jugendliche im Rahmen von Pirna schreibt (2. Termin, geschlossen)<\/p>\n<p><b>12.09.24 bis 13.09.24 <\/b>Schreibworkshop f\u00fcr Jugendliche im Rahmen von Pirna schreibt (1. Termin, geschlossen)<\/p>\n<p><b>12.08.24 bis 16.08.24 <\/b>Schreibworkshop f\u00fcr Kinder im Programm \u201eKultur Kollaborateure\u201c der Stadt Leipzig an der Hans-Christian-Andersen-Grundschule Leipzig (geschlossen)<\/p>\n<p><b>16.7.24 bis 17.4.24 <\/b>zwei Lesungen aus \u201eZorro, der Mops\u201c mit anschlie\u00dfendem Schreibworkshop f\u00fcr Kinder in der Stadtbibliothek Riesa (geschlossen)<\/p>\n<p><b>29.05.24<\/b> Einladung zur Poetikdozentur von Slata Roschal zum Thema \u201eElternschaft &amp; Autorschaft\u201c an der Ludwig-Maximilians-Universit\u00e4t M\u00fcnchen<\/p>\n<p><b>23.05.24<\/b> zwei Lesungen aus \u201eTaras Augen\u201c in der Johann-Gottfried-Seume-Bibliothek Grimma (geschlossen)<\/p>\n<p><b>16.05.24 <\/b>Lesung aus \u201eZorro, der Mops\u201c an der Johannes-Hegenbarth-Grundschule Leipzig (geschlossen)<\/p>\n<p><b>15.05.24<\/b> drei Lesungen aus \u201eZorro, der Mops\u201c an der Grundschule Bad Lausick (geschlossen)<\/p>\n<p><b>15.04.24 bis 19.04.24 <\/b>Lesereise mit \u201eTaras Augen\u201c und \u201eZorro, der Mops\u201c auf Einladung des Friedrich-B\u00f6decker-Kreises im Saarland (geschlossen)<\/p>\n<p><b>11.04.24 <\/b>Podiumsdiskussion zu Elternschaft und Solo-Selbstst\u00e4ndigkeit im Haus der Selbstst\u00e4ndigen Leipzig<\/p>\n<p><b>09.04.24 <\/b>Lesung aus \u201eTaras Augen\u201c an der Anne-Frank-Oberschule in Stauchitz (geschlossen)<\/p>\n<p><b>24.03.24<\/b> Lesung aus \u201eZorro, der Mops\u201c in der Heimatstube Althen<\/p>\n<p><b>23.03.24 <\/b>zwei Tischgespr\u00e4che zum Thema Schreiben &amp; und Elternschaft im Rahmen der Autor:innenrunde auf der Buchmesse Leipzig<\/p>\n<p><b>21.03.24<\/b> Gespr\u00e4ch zur Anthologie \u201eother writers need to concentrate\u201c auf der Buchmesse Leipzig\/Stand VS in ver.di<\/p>\n<p><b>20.03.24 <\/b>Lesung aus \u201eTaras Augen\u201c an der Thomasschule Leipzig (geschlossen)<\/p>\n<p><b>18.03.24<\/b> Lesung aus \u201eZorro, der Mops\u201c in der Stadtbibliothek D\u00f6beln (geschlossen)<\/p>\n<p><b>17.02.24 <\/b>Lesung aus \u201eMein wei\u00dfer Fuchs\u201c im CJD-Wohnheim Salzwedel (gemeinsam mit David Blum, geschlossen)<\/p>\n<p><b>16.02.24<\/b> Lesung aus \u201eTaras Augen\u201c an der Gemeinschaftsschule Wilhelm Wundt Tangerh\u00fctte (geschlossen)<\/p>\n<p><b>14.12.23 <\/b>Lesung aus \u201eZorro, der Mops\u201c in der Stadtbibliothek Leipzig (geschlossen)<\/p>\n<p><b>07.12.23<\/b> Schreibworkshop f\u00fcr Erwachsene an der Freien Kunstschule Gera e.V.<\/p>\n<p><b>29.11.23 <\/b>Lesung aus \u201eTaras Augen\u201c beim Literarischen Herbst Freising (geschlossen)<\/p>\n<p><b>08.11.23 <\/b>Lesung aus \u201eZorro, der Mops\u201c in der Hans-Kroch-Grundschule Leipzig (geschlossen)<\/p>\n<p><b>16.11.23 <\/b>Schreibworkshop f\u00fcr Erwachsene an der Freien Kunstschule Gera e.V.<\/p>\n<p><b>15.11.23 <\/b>drei Lesungen aus \u201eZorro, der Mops\u201c in der Karolinum-Grundschule Altenburg<\/p>\n<p><b>19.10.23<\/b> Lesung aus der Anthologie \u201eLiteratur &amp; Care\u201c in der Buchhandlung drift Leipzig<\/p>\n<p><b>27.09.23<\/b> Podiumsteilnahme an der Gespr\u00e4chsreihe Sozusagen zum Thema \u201eKultur in der Krise\u201c im LVZ Medienhaus Leipzig<\/p>\n<p><b>05.10.23 <\/b>Schreibworkshop f\u00fcr Erwachsene an der Freien Kunstschule Gera e.V.<\/p>\n<p><b>07.09.23<\/b> Schreibworkshop f\u00fcr Erwachsene an der Freien Kunstschule Gera e.V.<\/p>\n<p><b>06.09.23 <\/b>Lesung aus \u201eTaras Augen\u201c im Rahmen der Buchsommer-Abschlussveranstaltung in der Johann-Gottfried-Seume-Bibliothek Grimma<\/p>\n<p><b>30.08.24 <\/b>Lesung aus \u201eTaras Augen\u201c im Rahmen der Buchsommer-Abschlussveranstaltung in der Stadtbibliothek Radeberg<\/p>\n<p><b>19.07.23 <\/b>Lesung aus \u201eTaras Augen\u201c am St. Bonaventura-Gymnasium Dillingen (geschlossen)<\/p>\n<p><b>10.07.23 bis 11.07.23 <\/b>Schreibworkshop f\u00fcr Kinder an der Grundschule Altneudorf (geschlossen)<\/p>\n<p><b>06.07.23<\/b> Schreibworkshop f\u00fcr Erwachsene an der Freien Kunstschule Gera e.V.<\/p>\n<p><b>29.06.23 <\/b>Lesung aus \u201eZorro, der Mops\u201c mit anschlie\u00dfendem Gespr\u00e4ch &amp; Kochen in der H\u00e4selburg Gera<\/p>\n<p><b>28.06.23<\/b> Lesung aus \u201eTaras Augen\u201c im Rahmen der Buchsommer-Er\u00f6ffnung in der Bibliothek Meerane<\/p>\n<p><b>27.06.23 <\/b>Lesung aus \u201eZorro, der Mops\u201c in der Grundschule Connewitz Leipzig (geschlossen)<\/p>\n<p><b>26.06.23<\/b> Lesung aus \u201eZorro, der Mops\u201c an der Grundschule Gr\u00fcnes Gleis Leipzig (geschlossen)<\/p>\n<p><b>24.06.23 <\/b>Lesung aus \u201eTaras Augen\u201c mit anschlie\u00dfendem Schreibworkshop f\u00fcr Jugendliche am Theater Morgenstern Berlin<\/p>\n<p><b>23.06.23<\/b> Lesung aus \u201eTaras Augen\u201c am Gymnasium Crimmitschau (geschlossen)<\/p>\n<p><b>21.06.23 <\/b>Lesung aus \u201eZorro, der Mops\u201c in der Kindertagesst\u00e4tte EinSteinchen Leipzig (geschlossen)<\/p>\n<p><b>15.05.23 bis 11.06.23 <\/b>Residenzaufenthalt in Echternach\/Luxemburg mit f\u00fcnfzehn Lesungen in Echternach und Rosport (geschlossen)<\/p>\n<p><b>08.05.23 <\/b>zwei Lesungen aus \u201eZorro, der Mops\u201c in der Grundschule Markranst\u00e4dt (geschlossen)<\/p>\n<p><b>04.05.23<\/b> Schreibworkshop f\u00fcr Erwachsene an der Freien Kunstschule Gera e.V.<\/p>\n<p><b>29.04.23 <\/b>Lesung aus \u201eTaras Augen\u201c in der Kinderbuchhandlung der Buchmesse Leipzig<\/p>\n<p><b>27.04.23<\/b> Lesung aus \u201eTaras Augen\u201c auf der Buchmesse Leipzig, Stand mixtvision<\/p>\n<p><b>25.04.23 bis 26.04.23 <\/b>drei Lesungen aus \u201eZorro, der Mops\u201c in der Hans-Christian-Andersen-Grundschule Leipzig<\/p>\n<p><b>24.04.23<\/b> Lesung aus \u201eZorro, der Mops\u201c in der Stadtbibliothek Merseburg (geschlossen)<\/p>\n<p><b>23.04.23 <\/b>Lesung aus \u201eZorro, der Mops\u201c im Buch- und Schriftmuseum der Deutschen Nationalbibliothek Leipzig<\/p>\n<p><b>20.04.23<\/b> Vorstellung des Netzwerks other writers need to concentrate auf der Burg Ranis (gemeinsam mit Sibylla Vricic Hausmann)<\/p>\n<p><b>13.04.23<\/b> Schreibworkshop f\u00fcr Erwachsene an der Freien Kunstschule Gera e.V.<\/p>\n<p><b>12.04.23 <\/b>Lesung aus \u201eZorro, der Mops\u201c in der Kinder- und Jugendbibliothek Riesa (geschlossen)<\/p>\n<p><b>28.03.23<\/b> Lesung aus \u201eMein wei\u00dfer Fuchs\u201c und unver\u00f6ffentlichten Texten in der Lesereihe werk[statt] im Pixel M\u00fcnchen<\/p>\n<p><b>22.03.23 <\/b>Lesung aus \u201eZorro, der Mops\u201c in der International School Leipzig (geschlossen)<\/p>\n<p><b>06.03.23<\/b> Podiumsdiskussion \u201eGleich bezahlt in Kunst und Kultur?! Diskussion und Get Together zum Equal Pay Day\u201c im Museum der Bildenden K\u00fcnste Leipzig<\/p>\n<p><b>02.03.23 <\/b>Schreibworkshop f\u00fcr Erwachsene an der Freien Kunstschule Gera e.V.<\/p>\n<p><b>24.02.23<\/b> Lesung aus \u201eTaras Augen\u201c im Literaturhaus Villa Clementine Wiesbaden (geschlossen)<\/p>\n<p><b>08.02.23 <\/b>Lesung aus \u201eTaras Augen\u201c im Literarischen Salon der Universit\u00e4t Hildesheim (geschlossen)<\/p>\n<p><b>02.02.23 <\/b>Schreibworkshop f\u00fcr Erwachsene an der Freien Kunstschule Gera e.V.<\/p>\n<p><b>12.01.23 <\/b>Schreibworkshop f\u00fcr Erwachsene an der Freien Kunstschule Gera e.V.<\/p>\n<p><b>02.12.22 <\/b>Lesung aus \u201eTaras Augen\u201c in der Bibliothek Bautzen (geschlossen)<\/p>\n<p><b>01.12.22<\/b> Schreibworkshop f\u00fcr Erwachsene an der Freien Kunstschule Gera e.V.<\/p>\n<p><b>30.11.22<\/b> zwei Lesungen aus \u201eZorro, der Mops\u201c in der 91. Grundschule Leipzig (geschlossen)<\/p>\n<p><b>24.11.22<\/b> Lesung aus \u201eTaras Augen\u201c in der Bibliothek Burgst\u00e4dt (geschlossen)<\/p>\n<p><b>21.11.22 <\/b>Lesung aus \u201eTaras Augen\u201c in der Bibliothek Yorck-Center Chemnitz (geschlossen)<\/p>\n<p><b>15.11.22<\/b> zwei Lesungen aus \u201eZorro, der Mops\u201c in der 46. Grundschule Leipzig (geschlossen)<\/p>\n<p><b>03.11.22 <\/b>Schreibworkshop f\u00fcr Erwachsene an der Freien Kunstschule Gera e.V.<\/p>\n<p><b>18.10.22<\/b> Lesung aus \u201eTaras Augen\u201c in der Zentralbibliothek Dresden<\/p>\n<p><b>14.10.22 <\/b>Lesung aus \u201eTaras Augen\u201c an der Volkshochschule Ulm (geschlossen)<\/p>\n<p><b>13.10.22<\/b> Lesung aus \u201eMein wei\u00dfer Fuchs\u201c und unver\u00f6ffentlichten Texten an der Volkshochschule Ulm<\/p>\n<p><b>11.10.22 <\/b>Lesung aus \u201eZorro, der Mops\u201c in der August-Bebel-Grundschule Leipzig<\/p>\n<p><b>07.10.22<\/b> Schreibworkshop f\u00fcr Erwachsene an der Freien Kunstschule Gera e.V.<\/p>\n<p><b>27.09.22 <\/b>Lesung aus \u201eTaras Augen\u201c in der Stadtbibliothek Leipzig<\/p>\n<p><b>23.09.22 bis 25.09.22 <\/b>Schreibworkshop f\u00fcr Erwachsene im Rahmen von Pirna schreibt (2. Termin)<\/p>\n<p><b>22.09.22<\/b> Lesung aus \u201eTaras Augen\u201c im Rahmen der 1. Th\u00fcringer Kinder- und Jugendliteraturtage in der H\u00e4selburg Gera (geschlossen)<\/p>\n<p><b>21.09.22 <\/b>Lesung aus \u201eTaras Augen\u201c als Buchsommer-Abschlussveranstaltung in Crimmitschau<\/p>\n<p><b>17.09.22 bis 18.09.22 <\/b>Schreibworkshop f\u00fcr Erwachsene im Rahmen von Pirna schreibt (1. Termin)<\/p>\n<p><b>14.09.22<\/b> Lesung aus \u201eMein wei\u00dfer Fuchs\u201c in der Bibliothek Pieschen\/Dresden<\/p>\n<p><b>12.09.22 bis 13.09.22 <\/b>drei Lesungen aus \u201eZorro, der Mops\u201c in der Hans-Christian-Andersen-Grundschule Leipzig (geschlossen)<\/p>\n<p><b>08.09.22<\/b> Lesung aus \u201eTaras Augen\u201c in der Stadtbibliothek Rudolstadt (geschlossen)<\/p>\n<p><b>07.09.22 <\/b>Lesung aus \u201eZorro, der Mops\u201c in der Stadtbibliothek Markkleeberg<\/p>\n<p><b>05.09.22<\/b> Lesung aus \u201eTaras Augen\u201c in der Oberschule Brandis (geschlossen)<\/p>\n<p><b>01.09.22 <\/b>Schreibworkshop f\u00fcr Erwachsene an der Freien Kunstschule Gera e.V.<\/p>\n<p><b>25.08.22<\/b> Lesung aus \u201eTaras Augen\u201c im Rahmen von \u201eLitera(Fu)tur\u201c in Essen<\/p>\n<p><b>04.08.22 <\/b>Schreibworkshop f\u00fcr Erwachsene an der Freien Kunstschule Gera e.V.<\/p>\n<p><b>30.06.22<\/b> Schreibworkshop f\u00fcr Erwachsene an der Freien Kunstschule Gera e.V.<\/p>\n<p><b>17.06.22 <\/b>Teilnahme am artist lab zum Thema Autor:innenschaft und Elternschaft in Berlin<\/p>\n<p><b>11.06.22<\/b> zwei Lesungen in der K\u00fcnstlerstadt Kalbe im Rahmen von \u201eKunst gewinnt\u201c<\/p>\n<p><b>02.06.22 <\/b>Schreibworkshop f\u00fcr Erwachsene an der Freien Kunstschule Gera e.V.<\/p>\n<p><b>05.05.22 <\/b>Schreibworkshop f\u00fcr Erwachsene an der Freien Kunstschule Gera e.V.<\/p>\n<p><b>07.04.22 <\/b>Schreibworkshop f\u00fcr Erwachsene an der Freien Kunstschule Gera e.V.<\/p>\n<p><b>05.04.22<\/b> zwei Lesungen aus \u201eZorro, der Mops\u201c und \u201eTaras Augen\u201c im Rahmen der Esslinger Literaturtage<\/p>\n<p><b>18.03.22 <\/b>Lesung aus \u201eTaras Augen\u201c bei der Lesung der unabh\u00e4ngigen Verlage im Westfl\u00fcgel, Leipzig<\/p>\n<p><b>10.03.22<\/b> Buchpremiere von \u201eTaras Augen\u201c in der Halle 5 e.V. Leipzig<\/p>\n","protected":false},"excerpt":{"rendered":"<p>Seit dem Erscheinen meines ersten Buchs habe ich unz\u00e4hlige Lesungen durchgef\u00fchrt. Ich habe vor zappeligen Kindern oder stillen Erwachsenen gelesen, in Schulen oder Bibliotheken, drinnen oder drau\u00dfen, nah oder fern. (Fast) jede Lesung war auf ihre Weise bereichernd. Ich mag die Begeisterung der Grundsch\u00fcler:innen und das langsame Auftauen der Sch\u00fcler:innen an den weiterf\u00fchrenden Schulen. Ich &hellip; <a href=\"https:\/\/www.katharinabendixen.de\/wordpress\/lesungen-workshops\/\" class=\"more-link\"><span class=\"screen-reader-text\">&#8222;Lesungen&#8220; <\/span>weiterlesen<\/a><\/p>\n","protected":false},"author":1,"featured_media":0,"parent":0,"menu_order":0,"comment_status":"closed","ping_status":"closed","template":"","meta":{"footnotes":""},"class_list":["post-354","page","type-page","status-publish","hentry"],"_links":{"self":[{"href":"https:\/\/www.katharinabendixen.de\/wordpress\/wp-json\/wp\/v2\/pages\/354","targetHints":{"allow":["GET"]}}],"collection":[{"href":"https:\/\/www.katharinabendixen.de\/wordpress\/wp-json\/wp\/v2\/pages"}],"about":[{"href":"https:\/\/www.katharinabendixen.de\/wordpress\/wp-json\/wp\/v2\/types\/page"}],"author":[{"embeddable":true,"href":"https:\/\/www.katharinabendixen.de\/wordpress\/wp-json\/wp\/v2\/users\/1"}],"replies":[{"embeddable":true,"href":"https:\/\/www.katharinabendixen.de\/wordpress\/wp-json\/wp\/v2\/comments?post=354"}],"version-history":[{"count":56,"href":"https:\/\/www.katharinabendixen.de\/wordpress\/wp-json\/wp\/v2\/pages\/354\/revisions"}],"predecessor-version":[{"id":543,"href":"https:\/\/www.katharinabendixen.de\/wordpress\/wp-json\/wp\/v2\/pages\/354\/revisions\/543"}],"wp:attachment":[{"href":"https:\/\/www.katharinabendixen.de\/wordpress\/wp-json\/wp\/v2\/media?parent=354"}],"curies":[{"name":"wp","href":"https:\/\/api.w.org\/{rel}","templated":true}]}}