{"id":21,"date":"2016-09-13T14:11:46","date_gmt":"2016-09-13T12:11:46","guid":{"rendered":"http:\/\/demonax.gacrux.uberspace.de\/wordpress\/?page_id=21"},"modified":"2026-03-23T20:44:15","modified_gmt":"2026-03-23T19:44:15","slug":"startseite","status":"publish","type":"page","link":"https:\/\/www.katharinabendixen.de\/wordpress\/","title":{"rendered":"Roman &#038; Erz\u00e4hlung"},"content":{"rendered":"<h2><strong>Eine zeitgem\u00e4\u00dfe Form der Liebe<\/strong><\/h2>\r\n<p><img loading=\"lazy\" decoding=\"async\" class=\"alignleft wp-image-390\" src=\"http:\/\/www.katharinabendixen.de\/wordpress\/wp-content\/uploads\/2024\/11\/CC-Bendixen_Eine-zeitgemaesse-Form-der-Liebe_125-180x300.jpg\" alt=\"\" width=\"196\" height=\"326\" srcset=\"https:\/\/www.katharinabendixen.de\/wordpress\/wp-content\/uploads\/2024\/11\/CC-Bendixen_Eine-zeitgemaesse-Form-der-Liebe_125-180x300.jpg 180w, https:\/\/www.katharinabendixen.de\/wordpress\/wp-content\/uploads\/2024\/11\/CC-Bendixen_Eine-zeitgemaesse-Form-der-Liebe_125-615x1024.jpg 615w, https:\/\/www.katharinabendixen.de\/wordpress\/wp-content\/uploads\/2024\/11\/CC-Bendixen_Eine-zeitgemaesse-Form-der-Liebe_125-768x1278.jpg 768w, https:\/\/www.katharinabendixen.de\/wordpress\/wp-content\/uploads\/2024\/11\/CC-Bendixen_Eine-zeitgemaesse-Form-der-Liebe_125-923x1536.jpg 923w, https:\/\/www.katharinabendixen.de\/wordpress\/wp-content\/uploads\/2024\/11\/CC-Bendixen_Eine-zeitgemaesse-Form-der-Liebe_125-1231x2048.jpg 1231w, https:\/\/www.katharinabendixen.de\/wordpress\/wp-content\/uploads\/2024\/11\/CC-Bendixen_Eine-zeitgemaesse-Form-der-Liebe_125-1200x1997.jpg 1200w, https:\/\/www.katharinabendixen.de\/wordpress\/wp-content\/uploads\/2024\/11\/CC-Bendixen_Eine-zeitgemaesse-Form-der-Liebe_125.jpg 1512w\" sizes=\"auto, (max-width: 196px) 85vw, 196px\" \/><\/p>\r\n<p>Parentale Prosa<br \/>Edition Nautilus 2025<\/p>\r\n<p>Ein L\u00f6wenjunges f\u00e4llt in der Kinder- und Tiertagesst\u00e4tte unangenehm auf und durchl\u00e4uft diverse Ma\u00dfnahmen, um seine Menschwerdung voranzutreiben. Eine Mutter, die ihren Sohn ganz bewusst ohne Vater aufzieht, wittert u\u0308berall Verachtung. In einem wissenschaftlichen Vortrag wird ein Programm vorgestellt, bei dem u\u0308berforderte Mu\u0308tter ihre Kinder tauschen und so zu einer zeitgem\u00e4\u00dfen Form der Liebe finden k\u00f6nnen. Katharina Bendixen erz\u00e4hlt von Eltern und ihren Kindern, von Konflikten und \u00dcberlastung, von den Anspru\u0308chen an Mutterschaft und von ihren Widerspru\u0308chen. <a href=\"https:\/\/edition-nautilus.de\/programm\/eine-zeitgemaesse-form-der-liebe\/\" target=\"_blank\" rel=\"noopener noreferrer\">Mehr &#8230;<\/a><\/p>\r\n<h2><strong>Mein wei\u00dfer Fuchs<\/strong><\/h2>\r\n<p><img loading=\"lazy\" decoding=\"async\" class=\"alignleft size-medium wp-image-187\" src=\"http:\/\/www.katharinabendixen.de\/wordpress\/wp-content\/uploads\/2019\/06\/Unbenannt-196x300.png\" alt=\"\" width=\"196\" height=\"300\" \/><\/p>\r\n<p>Erz\u00e4hlungen<br \/>Poetenladen 2019<\/p>\r\n<p>\u00bbIch bin froh, dass man mir im Husky Outdoor Shop eine Chance gegeben hat.\u00ab Bereits der erste Satz der titelgebenden Erz\u00e4hlung steckt das Revier ab, in dem sich Katharina Bendixen mit ihrem neuen Erz\u00e4hlband bewegt. Er\u00f6ffnet wird eine Welt, die unendlich vertraut erscheint und in der die Figuren dennoch nicht heimisch werden.<br \/>Denn hinter der Fassade des Alltags tun sich Abgr\u00fcnde auf: Ein wei\u00dfer Fuchs schaut aus dem Spiegel, Herzen bestehen im wahrsten Sinne aus Eis, und das Haustier aus einem dunklen K\u00e4figwinkel wird zu einem Fabelwesen, das seiner Besitzerin ein goldenes Ei beschert. Diese Abgr\u00fcnde konsequent und mit h\u00f6chster Genauigkeit herauszuarbeiten, ist die Kunst, die Katharina Bendixen meisterlich beherrscht. <a href=\"http:\/\/www.poetenladen-der-verlag.de\/einzeltitel\/fuchs.htm\" target=\"_blank\" rel=\"noopener noreferrer\">Mehr &#8230;<\/a><\/p>\r\n<h2><strong>Ich sehe alles<\/strong><\/h2>\r\n<p><img loading=\"lazy\" decoding=\"async\" class=\"alignleft size-medium wp-image-59\" src=\"http:\/\/demonax.gacrux.uberspace.de\/wordpress\/wp-content\/uploads\/2016\/09\/ich_sehe_alles-196x300.png\" alt=\"ich_sehe_alles\" width=\"196\" height=\"300\" srcset=\"https:\/\/www.katharinabendixen.de\/wordpress\/wp-content\/uploads\/2016\/09\/ich_sehe_alles-196x300.png 196w, https:\/\/www.katharinabendixen.de\/wordpress\/wp-content\/uploads\/2016\/09\/ich_sehe_alles.png 651w\" sizes=\"auto, (max-width: 196px) 85vw, 196px\" \/><\/p>\r\n<p>Roman<br \/>Poetenladen 2016<\/p>\r\n<p>Eine junge Frau versucht in der Fremde als Aupair einen Neuanfang. Doch die neue Stadt st\u00f6\u00dft sie ab, die Menschen bleiben ihr fremd, und Tabea, das ihr anvertraute Kind, weigert sich zu essen. Seltsam nur, dass Tabeas Eltern darin kein Problem sehen. Seltsam auch, dass keine Nachricht von ihrem Freund eintrifft, der in Deutschland geblieben ist. Vielleicht meldet er sich, wenn Tabea endlich isst? In Katharina Bendixens Romandeb\u00fct bestimmen Wahn und Illusion immer mehr die Handlungsweise der Protagonistin. Doch nicht nur das Leben der jungen Frau ger\u00e4t aus den Fugen, auch in der fremden Stadt verh\u00e4lt sich nichts so, wie es zun\u00e4chst schien. Mit erz\u00e4hlerischer Pr\u00e4zision zeigt der Roman, wie existenzielle Konflikte die Wahrnehmung ver\u00e4ndern &#8211; wie sie beeinflussen, was wir sehen. <a href=\"http:\/\/www.poetenladen-der-verlag.de\/einzeltitel\/ich-sehe-alles.htm\" target=\"_blank\" rel=\"noopener noreferrer\">Mehr&nbsp;&#8230;<\/a><\/p>\r\n<h2><strong>Gern, wenn du willst<\/strong><\/h2>\r\n<p><img loading=\"lazy\" decoding=\"async\" class=\"alignleft wp-image-38 size-medium\" src=\"http:\/\/demonax.gacrux.uberspace.de\/wordpress\/wp-content\/uploads\/2016\/09\/katharina-bendixen-gern-204x300.jpg\" alt=\"Gern, wenn du willst. Erz\u00e4hlungen\" width=\"204\" height=\"300\" srcset=\"https:\/\/www.katharinabendixen.de\/wordpress\/wp-content\/uploads\/2016\/09\/katharina-bendixen-gern-204x300.jpg 204w, https:\/\/www.katharinabendixen.de\/wordpress\/wp-content\/uploads\/2016\/09\/katharina-bendixen-gern-768x1131.jpg 768w, https:\/\/www.katharinabendixen.de\/wordpress\/wp-content\/uploads\/2016\/09\/katharina-bendixen-gern-695x1024.jpg 695w, https:\/\/www.katharinabendixen.de\/wordpress\/wp-content\/uploads\/2016\/09\/katharina-bendixen-gern-1200x1767.jpg 1200w, https:\/\/www.katharinabendixen.de\/wordpress\/wp-content\/uploads\/2016\/09\/katharina-bendixen-gern.jpg 1644w\" sizes=\"auto, (max-width: 204px) 85vw, 204px\" \/><\/p>\r\n<p>Erz\u00e4hlungen<br \/>Poetenladen 2012<\/p>\r\n<p>Mit leisen unaufdringlichen T\u00f6nen und einer Z\u00e4rtlichkeit f\u00fcr die Figuren sp\u00fcren die Erz\u00e4hlungen der Abgr\u00fcndigkeit menschlicher Existenz nach. Dabei bricht oftmals das Magische in den Alltag ein und verleiht den streng geformten Texten eine poetische Intensit\u00e4t. Ein Paar, das sich entfremdet hat, spricht nur noch in Floskeln, eine junge Frau muss auf der Beerdigung ihrer Mutter lachen, eine andere m\u00f6chte vor einem Krieg, den es gar nicht gibt, im Wald Schutz suchen. Wenn ganze St\u00e4dte verschwinden, wenn ein unsichtbares M\u00e4dchen in die Umkleidekabine der Protagonistin vordringt oder eine Frau mit M\u00e4nnern aus verschiedenen Lebensabschnitten simultan in ihrer Wohnung lebt, dann sind wir in Katharina Bendixens magischer Welt. <a href=\"http:\/\/www.poetenladen-der-verlag.de\/einzeltitel\/gern.htm\" target=\"_blank\" rel=\"noopener noreferrer\">Mehr &#8230;<\/a><\/p>\r\n<h2><strong>Der Whiskyflaschenbaum<\/strong><\/h2>\r\n<p><img loading=\"lazy\" decoding=\"async\" class=\"alignleft wp-image-42 size-medium\" src=\"http:\/\/demonax.gacrux.uberspace.de\/wordpress\/wp-content\/uploads\/2016\/09\/katharina-bendixen-whisky-216x300.jpg\" alt=\"Der Whiskyflaschenbaum. Erz\u00e4hlungen\" width=\"216\" height=\"300\" srcset=\"https:\/\/www.katharinabendixen.de\/wordpress\/wp-content\/uploads\/2016\/09\/katharina-bendixen-whisky-216x300.jpg 216w, https:\/\/www.katharinabendixen.de\/wordpress\/wp-content\/uploads\/2016\/09\/katharina-bendixen-whisky.jpg 636w\" sizes=\"auto, (max-width: 216px) 85vw, 216px\" \/><\/p>\r\n<p>Erz\u00e4hlungen<br \/>Poetenladen 2009<\/p>\r\n<p>Katharina Bendixen beschreibt in ihrem ersten Erz\u00e4hlband beklemmende Alltagssituationen, in denen Vertrautes und Abgr\u00fcndiges nebeneinander stehen. Da wird ein Urlaub in Mittelnorwegen zum Horrorszenario, der Nachwuchs \u00fcberschwemmt das Familienhaus wie eine Rattenplage, und im Kellerlabyrinth einer anonymen Firma reihen sich Bestattungsr\u00e4ume f\u00fcr die Angestellten. In einer knappen, suggestiven Sprache erz\u00e4hlt dieses Deb\u00fct von einer Welt ohne Utopien und von Men\u00adschen, die nichts besitzen, woran sie sich festhalten k\u00f6nnen, au\u00dfer am Ger\u00fcst der Routine. <a href=\"http:\/\/www.poetenladen-der-verlag.de\/einzeltitel\/whiskyflaschenbaum.htm\" target=\"_blank\" rel=\"noopener noreferrer\">Mehr &#8230;<\/a><\/p>\r\n\r\n<p>&nbsp;<\/p>\r\n","protected":false},"excerpt":{"rendered":"<p>Eine zeitgem\u00e4\u00dfe Form der Liebe Parentale ProsaEdition Nautilus 2025 Ein L\u00f6wenjunges f\u00e4llt in der Kinder- und Tiertagesst\u00e4tte unangenehm auf und durchl\u00e4uft diverse Ma\u00dfnahmen, um seine Menschwerdung voranzutreiben. Eine Mutter, die ihren Sohn ganz bewusst ohne Vater aufzieht, wittert u\u0308berall Verachtung. In einem wissenschaftlichen Vortrag wird ein Programm vorgestellt, bei dem u\u0308berforderte Mu\u0308tter ihre Kinder tauschen &hellip; <a href=\"https:\/\/www.katharinabendixen.de\/wordpress\/\" class=\"more-link\"><span class=\"screen-reader-text\">&#8222;Roman &#038; Erz\u00e4hlung&#8220; <\/span>weiterlesen<\/a><\/p>\n","protected":false},"author":1,"featured_media":0,"parent":0,"menu_order":0,"comment_status":"closed","ping_status":"closed","template":"","meta":{"footnotes":""},"class_list":["post-21","page","type-page","status-publish","hentry"],"_links":{"self":[{"href":"https:\/\/www.katharinabendixen.de\/wordpress\/wp-json\/wp\/v2\/pages\/21","targetHints":{"allow":["GET"]}}],"collection":[{"href":"https:\/\/www.katharinabendixen.de\/wordpress\/wp-json\/wp\/v2\/pages"}],"about":[{"href":"https:\/\/www.katharinabendixen.de\/wordpress\/wp-json\/wp\/v2\/types\/page"}],"author":[{"embeddable":true,"href":"https:\/\/www.katharinabendixen.de\/wordpress\/wp-json\/wp\/v2\/users\/1"}],"replies":[{"embeddable":true,"href":"https:\/\/www.katharinabendixen.de\/wordpress\/wp-json\/wp\/v2\/comments?post=21"}],"version-history":[{"count":36,"href":"https:\/\/www.katharinabendixen.de\/wordpress\/wp-json\/wp\/v2\/pages\/21\/revisions"}],"predecessor-version":[{"id":488,"href":"https:\/\/www.katharinabendixen.de\/wordpress\/wp-json\/wp\/v2\/pages\/21\/revisions\/488"}],"wp:attachment":[{"href":"https:\/\/www.katharinabendixen.de\/wordpress\/wp-json\/wp\/v2\/media?parent=21"}],"curies":[{"name":"wp","href":"https:\/\/api.w.org\/{rel}","templated":true}]}}